{"id":3603,"date":"2024-04-01T17:52:16","date_gmt":"2024-04-01T17:52:16","guid":{"rendered":"https:\/\/cubakilos.com\/tienda\/?page_id=3603"},"modified":"2025-09-08T10:06:05","modified_gmt":"2025-09-08T10:06:05","slug":"politica-cookies","status":"publish","type":"page","link":"https:\/\/cubakilos.com\/tienda\/politica-cookies\/","title":{"rendered":"Pol\u00edtica de Cookies"},"content":{"rendered":"\t\t<div data-elementor-type=\"wp-page\" data-elementor-id=\"3603\" class=\"elementor elementor-3603\" data-elementor-post-type=\"page\">\n\t\t\t\t<div class=\"elementor-element elementor-element-1f5d94b e-flex e-con-boxed e-con e-parent\" data-id=\"1f5d94b\" data-element_type=\"container\" data-e-type=\"container\" data-settings=\"{&quot;jet_parallax_layout_list&quot;:[]}\">\n\t\t\t\t\t<div class=\"e-con-inner\">\n\t\t\t\t<div class=\"elementor-element elementor-element-368b665f elementor-widget elementor-widget-text-editor\" data-id=\"368b665f\" data-element_type=\"widget\" data-e-type=\"widget\" data-widget_type=\"text-editor.default\">\n\t\t\t\t<div class=\"elementor-widget-container\">\n\t\t\t\t\t\t\t\t\t\n<h2 id=\"h-que-son-las-cookies\" class=\"wp-block-heading\"><strong>\u00bfQu\u00e9 son las cookies?<\/strong><\/h2>\n\n<p>Las cookies son peque\u00f1os archivos de texto que se descargan y almacenan en el dispositivo del usuario cuando se navega por un sitio web. Estos archivos contienen informaci\u00f3n que el sitio web utiliza para reconocer al usuario en visitas posteriores y para mejorar su experiencia de navegaci\u00f3n, recordar sus preferencias y personalizar el contenido en funci\u00f3n de los intereses del usuario.<\/p>\n\n<h2 id=\"h-que-tipo-de-cookies-utilizamos\" class=\"wp-block-heading\"><strong>\u00bfQu\u00e9 tipo de cookies utilizamos?<\/strong><\/h2>\n\n<ul class=\"wp-block-list\">\n<li>Cookies t\u00e9cnicas o necesarias: Estas cookies son fundamentales para el correcto funcionamiento de nuestro sitio web. Son establecidas autom\u00e1ticamente y no se pueden\u00a0 desactivar. Usualmente, se activan cuando realizas ciertas acciones, como ajustar tus configuraciones de privacidad, acceder a tu cuenta, rellenar formularios, etc. Aunque puedes ajustar las configuraciones de tu navegador para bloquear o recibir notificaciones sobre estas cookies, es posible que ciertas secciones de nuestro sitio no operen adecuadamente si lo haces.\u00a0<\/li>\n<\/ul>\n\n<ul class=\"wp-block-list\">\n<li>Cookies anal\u00edticas: Estas cookies, propias o de terceros, nos ayudan a recopilar informaci\u00f3n sobre el desempe\u00f1o de nuestro sitio web y c\u00f3mo los usuarios interact\u00faan con \u00e9l. Por ejemplo, nos permiten conocer la cantidad de visitantes y analizar estad\u00edsticamente c\u00f3mo los usuarios acceden y utilizan el sitio.<\/li>\n\n<li>Cookies de personalizaci\u00f3n: Estas cookies nos ayudan a recordar informaci\u00f3n esencial para distinguir a los usuarios y brindarles una experiencia a medida, adem\u00e1s de construir un perfil seg\u00fan sus patrones de navegaci\u00f3n. Si decides no permitir estas cookies, es probable que ciertos servicios no operen de manera \u00f3ptima.\u00a0<\/li>\n\n<li>Cookies de terceros: Podemos utilizar servicios de terceros que recopilan informaci\u00f3n con fines estad\u00edsticos y de uso del sitio web por parte del usuario, as\u00ed como para prestar otros servicios relacionados con la actividad de la p\u00e1gina y servicios de internet. Entre ellos, utilizamos Google Analytics, servicios proporcionados por Google, Inc. con domicilio en los Estados Unidos, ubicado en 1600 Amphitheatre Parkway, Mountain View, California 94043. Estos servicios utilizan cookies para recopilar informaci\u00f3n, incluyendo la direcci\u00f3n IP del usuario, que se transmitir\u00e1, tratar\u00e1 y almacenar\u00e1 por Google en <a href=\"https:\/\/www.google.com\/intl\/es_es\/policies\/technologies\/types\/\" target=\"_blank\" rel=\"noopener\">los t\u00e9rminos establecidos en su sitio web<\/a>. Es posible que esta informaci\u00f3n sea transmitida a terceros por razones legales o cuando estos terceros procesen la informaci\u00f3n en nombre de Google. Si deseas obtener m\u00e1s informaci\u00f3n sobre este tema, por favor consulta la p\u00e1gina web de Google.<\/li>\n<\/ul>\n\n<h2 id=\"h-como-puedo-gestionar-y-eliminar-las-cookies\" class=\"wp-block-heading\"><strong>\u00bfC\u00f3mo puedo gestionar y eliminar las cookies?<\/strong><\/h2>\n\n<p>Puedes permitir, bloquear o eliminar las cookies instaladas en su equipo mediante la configuraci\u00f3n de las opciones del navegador instalado en su ordenador:<\/p>\n\n<ul class=\"wp-block-list\">\n<li><a href=\"https:\/\/support.mozilla.org\/es\/kb\/habilitar-y-deshabilitar-cookies-sitios-web-rastrear-preferencias\" target=\"_blank\" rel=\"noopener\"><em>Firefox<\/em><\/a><\/li>\n\n<li><a href=\"https:\/\/support.google.com\/chrome\/answer\/95647?hl=es\" target=\"_blank\" rel=\"noopener\"><em>Chrome<\/em><\/a><\/li>\n\n<li><a href=\"http:\/\/windows.microsoft.com\/es-es\/windows7\/how-to-manage-cookies-in-internet-explorer-9\" target=\"_blank\" rel=\"noopener\"><em>Internet Explorer<\/em><\/a><\/li>\n\n<li><a href=\"https:\/\/support.apple.com\/kb\/PH19214?viewlocale=es_ES&amp;locale=es_ES\" target=\"_blank\" rel=\"noopener\"><em>Safari<\/em><\/a><\/li>\n<\/ul>\n\n<h2 id=\"h-actualizacion-de-la-politica-de-cookies\" class=\"wp-block-heading\"><strong>Actualizaci\u00f3n de la Pol\u00edtica de Cookies<\/strong><\/h2>\n\n<p>En cualquier momento y sin previo aviso, podemos actualizar la Pol\u00edtica de Cookies de esta p\u00e1gina para adaptarla a las nuevas leyes o decisiones corporativas. Por lo tanto, le recomendamos que acceda a ella cada vez que desee utilizar la p\u00e1gina para estar bien informado sobre c\u00f3mo y para qu\u00e9 utilizamos las cookies en ese momento.<\/p>\n\n<h2 id=\"h-consentimiento\" class=\"wp-block-heading\"><strong>Consentimiento<\/strong><\/h2>\n\n<p>El Usuario otorga su consentimiento expreso para el tratamiento de la informaci\u00f3n recopilada de acuerdo con los fines mencionados anteriormente al utilizar esta p\u00e1gina. Adem\u00e1s, reconoce la posibilidad de rechazar el tratamiento de dichos datos o informaci\u00f3n al deshabilitar el uso de cookies a trav\u00e9s de la selecci\u00f3n de la configuraci\u00f3n adecuada en su navegador. Sin embargo, tenga en cuenta que esta opci\u00f3n de bloqueo de cookies en su navegador puede impedirle utilizar todas las funcionalidades de la p\u00e1gina.<\/p>\n\n<p>Al utilizar esta p\u00e1gina, usted tambi\u00e9n consiente el posible tratamiento de informaci\u00f3n acerca de usted por terceros y para los fines mencionados en este documento.<\/p>\n\n<p>Si tiene alguna duda sobre esta pol\u00edtica de cookies, no dude en ponerse en contacto con nosotros a trav\u00e9s del correo electr\u00f3nico operaciones@cubakilos.com con el asunto \u201cPol\u00edtica de Cookies\u201d.<\/p>\n\t\t\t\t\t\t\t\t<\/div>\n\t\t\t\t<\/div>\n\t\t\t\t\t<\/div>\n\t\t\t\t<\/div>\n\t\t\t\t<\/div>\n\t\t","protected":false},"excerpt":{"rendered":"<p>\u00bfQu\u00e9 son las cookies? Las cookies son peque\u00f1os archivos de texto que se descargan y almacenan en el dispositivo del usuario cuando se navega por un sitio web. Estos archivos contienen informaci\u00f3n que el sitio web utiliza para reconocer al usuario en visitas posteriores y para mejorar su experiencia de navegaci\u00f3n, recordar sus preferencias y [&hellip;]<\/p>\n","protected":false},"author":785,"featured_media":0,"parent":0,"menu_order":0,"comment_status":"closed","ping_status":"closed","template":"","meta":{"inline_featured_image":false,"wprm-recipe-roundup-name":"","wprm-recipe-roundup-description":"","footnotes":""},"class_list":["post-3603","page","type-page","status-publish","hentry"],"_links":{"self":[{"href":"https:\/\/cubakilos.com\/tienda\/wp-json\/wp\/v2\/pages\/3603","targetHints":{"allow":["GET"]}}],"collection":[{"href":"https:\/\/cubakilos.com\/tienda\/wp-json\/wp\/v2\/pages"}],"about":[{"href":"https:\/\/cubakilos.com\/tienda\/wp-json\/wp\/v2\/types\/page"}],"author":[{"embeddable":true,"href":"https:\/\/cubakilos.com\/tienda\/wp-json\/wp\/v2\/users\/785"}],"replies":[{"embeddable":true,"href":"https:\/\/cubakilos.com\/tienda\/wp-json\/wp\/v2\/comments?post=3603"}],"version-history":[{"count":3,"href":"https:\/\/cubakilos.com\/tienda\/wp-json\/wp\/v2\/pages\/3603\/revisions"}],"predecessor-version":[{"id":8487,"href":"https:\/\/cubakilos.com\/tienda\/wp-json\/wp\/v2\/pages\/3603\/revisions\/8487"}],"wp:attachment":[{"href":"https:\/\/cubakilos.com\/tienda\/wp-json\/wp\/v2\/media?parent=3603"}],"curies":[{"name":"wp","href":"https:\/\/api.w.org\/{rel}","templated":true}]}}