{"id":13,"date":"2022-02-21T08:30:52","date_gmt":"2022-02-21T08:30:52","guid":{"rendered":"https:\/\/xstore.8theme.com\/elementor\/demos\/grocery-market\/my-account\/"},"modified":"2025-09-09T07:20:46","modified_gmt":"2025-09-09T07:20:46","slug":"cuenta","status":"publish","type":"page","link":"https:\/\/cubakilos.com\/tienda\/cuenta\/","title":{"rendered":"Cuenta"},"content":{"rendered":"\t\t<div data-elementor-type=\"wp-page\" data-elementor-id=\"13\" class=\"elementor elementor-13\" data-elementor-post-type=\"page\">\n\t\t\t\t<div class=\"elementor-element elementor-element-773e432 e-flex e-con-boxed e-con e-parent\" data-id=\"773e432\" data-element_type=\"container\" data-e-type=\"container\" data-settings=\"{&quot;jet_parallax_layout_list&quot;:[]}\">\n\t\t\t\t\t<div class=\"e-con-inner\">\n\t\t<div class=\"elementor-element elementor-element-43ea26a e-con-full e-flex e-con e-child\" data-id=\"43ea26a\" data-element_type=\"container\" data-e-type=\"container\" data-settings=\"{&quot;jet_parallax_layout_list&quot;:[]}\">\n\t\t\t\t<div class=\"elementor-element elementor-element-326bf15 e-my-account-tabs-vertical elementor-widget elementor-widget-woocommerce-my-account\" data-id=\"326bf15\" data-element_type=\"widget\" data-e-type=\"widget\" data-widget_type=\"woocommerce-my-account.default\">\n\t\t\t\t<div class=\"elementor-widget-container\">\n\t\t\t\t\t<div class=\"e-my-account-tab e-my-account-tab__ \">\t\t\t<div class=\"woocommerce\"><\/div>\t\t<\/div>\n\t\t\t\t\t\t<\/div>\n\t\t\t\t<\/div>\n\t\t\t\t<\/div>\n\t\t\t\t\t<\/div>\n\t\t\t\t<\/div>\n\t\t\t\t<\/div>\n\t\t","protected":false},"excerpt":{"rendered":"<p>Escritorio Pedidos Cr\u00e9ditos en la tienda Descargas Direcci\u00f3n Detalles de la cuenta Mis Cupones Cerrar sesi\u00f3n Hola Ren\u00e9 Lorenzo Segui (\u00bfno eres Ren\u00e9 Lorenzo Segui? Cerrar sesi\u00f3n) Desde el escritorio de tu cuenta puedes ver tus pedidos recientes, gestionar tus direcciones de env\u00edo y facturaci\u00f3n y editar tu contrase\u00f1a y los detalles de tu cuenta. [&hellip;]<\/p>\n","protected":false},"author":785,"featured_media":0,"parent":0,"menu_order":0,"comment_status":"closed","ping_status":"closed","template":"","meta":{"inline_featured_image":false,"wprm-recipe-roundup-name":"","wprm-recipe-roundup-description":"","footnotes":""},"class_list":["post-13","page","type-page","status-publish","hentry"],"_links":{"self":[{"href":"https:\/\/cubakilos.com\/tienda\/wp-json\/wp\/v2\/pages\/13","targetHints":{"allow":["GET"]}}],"collection":[{"href":"https:\/\/cubakilos.com\/tienda\/wp-json\/wp\/v2\/pages"}],"about":[{"href":"https:\/\/cubakilos.com\/tienda\/wp-json\/wp\/v2\/types\/page"}],"author":[{"embeddable":true,"href":"https:\/\/cubakilos.com\/tienda\/wp-json\/wp\/v2\/users\/785"}],"replies":[{"embeddable":true,"href":"https:\/\/cubakilos.com\/tienda\/wp-json\/wp\/v2\/comments?post=13"}],"version-history":[{"count":12,"href":"https:\/\/cubakilos.com\/tienda\/wp-json\/wp\/v2\/pages\/13\/revisions"}],"predecessor-version":[{"id":8653,"href":"https:\/\/cubakilos.com\/tienda\/wp-json\/wp\/v2\/pages\/13\/revisions\/8653"}],"wp:attachment":[{"href":"https:\/\/cubakilos.com\/tienda\/wp-json\/wp\/v2\/media?parent=13"}],"curies":[{"name":"wp","href":"https:\/\/api.w.org\/{rel}","templated":true}]}}